{"id":3587,"date":"2016-06-28T01:43:19","date_gmt":"2016-06-27T23:43:19","guid":{"rendered":"http:\/\/nsff.no\/magasinet\/?page_id=3587"},"modified":"2016-06-28T01:43:35","modified_gmt":"2016-06-27T23:43:35","slug":"gravatar-slik-far-du-profilbilde","status":"publish","type":"page","link":"https:\/\/nsff.no\/magasinet\/gravatar-slik-far-du-profilbilde\/","title":{"rendered":"Gravatar &#8211; slik f\u00e5r du profilbilde"},"content":{"rendered":"<p>[et_pb_section admin_label=&raquo;section&raquo;][et_pb_row admin_label=&raquo;row&raquo;][et_pb_column type=&raquo;4_4&#8243;][et_pb_text admin_label=&raquo;Tekst&raquo; background_layout=&raquo;light&raquo; text_orientation=&raquo;left&raquo; use_border_color=&raquo;off&raquo; border_color=&raquo;#ffffff&raquo; border_style=&raquo;solid&raquo;]<\/p>\n<p>NSFF Magasin er drevet med WordPress, et av de mest benyttede publiseringssystemene p\u00e5 nett. WordPress har mange nyttige funksjoner og tillegg \u2013 en av disse er muligheten for \u00e5 bruke et profilbilde. Dette bildet fungerer slik at det knyttes til den e-postadressen du bruker n\u00e5r du bidrar med artikler og\/eller kommentarer her p\u00e5 nettstedet. Det er et eksternt programtillegg som styrer dette, og du m\u00e5 aktivere det ved \u00e5 registrere deg ved gravatar.com. Her forklares fremgangsmetoden.<\/p>\n<p>[\/et_pb_text][et_pb_gallery admin_label=&raquo;Galleri&raquo; gallery_ids=&raquo;3588,3589,3590,3591,3592,3593,3595,3596,3597,3599,3598,3600&#8243; fullwidth=&raquo;off&raquo; posts_number=&raquo;20&#8243; show_title_and_caption=&raquo;on&raquo; show_pagination=&raquo;on&raquo; background_layout=&raquo;light&raquo; auto=&raquo;off&raquo; hover_overlay_color=&raquo;rgba(255,255,255,0.9)&raquo; caption_all_caps=&raquo;off&raquo; use_border_color=&raquo;off&raquo; border_color=&raquo;#ffffff&raquo; border_style=&raquo;solid&raquo; \/][et_pb_text admin_label=&raquo;Tekst&raquo; background_layout=&raquo;light&raquo; text_orientation=&raquo;left&raquo; use_border_color=&raquo;off&raquo; border_color=&raquo;#ffffff&raquo; border_style=&raquo;solid&raquo;]<\/p>\n<p>N\u00e5r du n\u00e5 har knyttet et bilde til en e-postadresse vil dette bildet vises p\u00e5 alle nettsteder som har Gravatar knyttet til publiseringsl\u00f8sningen sin. Det eneste du m\u00e5 passe p\u00e5 er \u00e5 bruke den registrerte e-postadressen n\u00e5r du kommenterer eller skriver. Dersom du \u00f8nsker det kan du legge til flere e-postadresser p\u00e5 Gravatar-kontoen din, og bruke andre profilbilder til disse. Det kan f.eks. v\u00e6re at du har to hobbyer, og \u00f8nsker \u00e5 bruke ulike profilbilder for disse to.<\/p>\n<p>[\/et_pb_text][\/et_pb_column][\/et_pb_row][\/et_pb_section]<\/p>\n","protected":false},"excerpt":{"rendered":"<p>NSFF Magasin er drevet med WordPress, et av de mest benyttede publiseringssystemene p\u00e5 nett. WordPress har mange nyttige funksjoner og tillegg \u2013 en av disse er muligheten for \u00e5 bruke et profilbilde. Dette bildet fungerer slik at det knyttes til den e-postadressen du bruker n\u00e5r du bidrar med artikler og\/eller kommentarer her p\u00e5 nettstedet. Det [&hellip;]<\/p>\n","protected":false},"author":1,"featured_media":3588,"parent":0,"menu_order":0,"comment_status":"closed","ping_status":"closed","template":"","meta":{"_et_pb_use_builder":"on","_et_pb_old_content":"NSFF Magasin er drevet med WordPress, et av de mest benyttede publiseringssystemene p\u00e5 nett. WordPress har mange nyttige funksjoner og tillegg \u2013 en av disse er muligheten for \u00e5 bruke et profilbilde. Dette bildet fungerer slik at det knyttes til den e-postadressen du bruker n\u00e5r du bidrar med artikler og\/eller kommentarer her p\u00e5 nettstedet. Det er et eksternt programtillegg som styrer dette, og du m\u00e5 aktivere det ved \u00e5 registrere deg ved gravatar.com. Her forklares fremgangsmetoden.","_et_gb_content_width":"","footnotes":""},"class_list":["post-3587","page","type-page","status-publish","has-post-thumbnail","hentry"],"yoast_head":"<!-- This site is optimized with the Yoast SEO plugin v27.4 - https:\/\/yoast.com\/product\/yoast-seo-wordpress\/ -->\n<title>Gravatar - slik f\u00e5r du profilbilde - NSFF Magasin | Norsk Selskap for Fotografi<\/title>\n<meta name=\"description\" content=\"NSFF Magasin er drevet med WordPress, med mange nyttige funksjoner og tillegg \u2013 en av disse er muligheten for \u00e5 bruke et profilbilde. Slik gj\u00f8r du!\" \/>\n<meta name=\"robots\" content=\"index, follow, max-snippet:-1, max-image-preview:large, max-video-preview:-1\" \/>\n<link rel=\"canonical\" href=\"https:\/\/nsff.no\/magasinet\/gravatar-slik-far-du-profilbilde\/\" \/>\n<meta property=\"og:locale\" content=\"nb_NO\" \/>\n<meta property=\"og:type\" content=\"article\" \/>\n<meta property=\"og:title\" content=\"Gravatar - slik f\u00e5r du profilbilde - NSFF Magasin | Norsk Selskap for Fotografi\" \/>\n<meta property=\"og:description\" content=\"NSFF Magasin er drevet med WordPress, med mange nyttige funksjoner og tillegg \u2013 en av disse er muligheten for \u00e5 bruke et profilbilde. Slik gj\u00f8r du!\" \/>\n<meta property=\"og:url\" content=\"https:\/\/nsff.no\/magasinet\/gravatar-slik-far-du-profilbilde\/\" \/>\n<meta property=\"og:site_name\" content=\"NSFF Magasin | Norsk Selskap for Fotografi\" \/>\n<meta property=\"article:modified_time\" content=\"2016-06-27T23:43:35+00:00\" \/>\n<meta property=\"og:image\" content=\"https:\/\/nsff.no\/magasinet\/wp-content\/uploads\/sites\/2\/2016\/06\/Skjermbilde-2016-06-28-kl.-01.08.03.png\" \/>\n\t<meta property=\"og:image:width\" content=\"1\" \/>\n\t<meta property=\"og:image:height\" content=\"1\" \/>\n\t<meta property=\"og:image:type\" content=\"image\/png\" \/>\n<meta name=\"twitter:card\" content=\"summary_large_image\" \/>\n<meta name=\"twitter:label1\" content=\"Ansl. lesetid\" \/>\n\t<meta name=\"twitter:data1\" content=\"1 minutt\" \/>\n<script type=\"application\/ld+json\" class=\"yoast-schema-graph\">{\"@context\":\"https:\\\/\\\/schema.org\",\"@graph\":[{\"@type\":\"WebPage\",\"@id\":\"https:\\\/\\\/nsff.no\\\/magasinet\\\/gravatar-slik-far-du-profilbilde\\\/\",\"url\":\"https:\\\/\\\/nsff.no\\\/magasinet\\\/gravatar-slik-far-du-profilbilde\\\/\",\"name\":\"Gravatar - slik f\u00e5r du profilbilde - NSFF Magasin | Norsk Selskap for Fotografi\",\"isPartOf\":{\"@id\":\"https:\\\/\\\/nsff.no\\\/magasinet\\\/#website\"},\"primaryImageOfPage\":{\"@id\":\"https:\\\/\\\/nsff.no\\\/magasinet\\\/gravatar-slik-far-du-profilbilde\\\/#primaryimage\"},\"image\":{\"@id\":\"https:\\\/\\\/nsff.no\\\/magasinet\\\/gravatar-slik-far-du-profilbilde\\\/#primaryimage\"},\"thumbnailUrl\":\"https:\\\/\\\/nsff.no\\\/magasinet\\\/wp-content\\\/uploads\\\/sites\\\/2\\\/2016\\\/06\\\/Skjermbilde-2016-06-28-kl.-01.08.03.png\",\"datePublished\":\"2016-06-27T23:43:19+00:00\",\"dateModified\":\"2016-06-27T23:43:35+00:00\",\"description\":\"NSFF Magasin er drevet med WordPress, med mange nyttige funksjoner og tillegg \u2013 en av disse er muligheten for \u00e5 bruke et profilbilde. Slik gj\u00f8r du!\",\"breadcrumb\":{\"@id\":\"https:\\\/\\\/nsff.no\\\/magasinet\\\/gravatar-slik-far-du-profilbilde\\\/#breadcrumb\"},\"inLanguage\":\"nb-NO\",\"potentialAction\":[{\"@type\":\"ReadAction\",\"target\":[\"https:\\\/\\\/nsff.no\\\/magasinet\\\/gravatar-slik-far-du-profilbilde\\\/\"]}]},{\"@type\":\"ImageObject\",\"inLanguage\":\"nb-NO\",\"@id\":\"https:\\\/\\\/nsff.no\\\/magasinet\\\/gravatar-slik-far-du-profilbilde\\\/#primaryimage\",\"url\":\"https:\\\/\\\/nsff.no\\\/magasinet\\\/wp-content\\\/uploads\\\/sites\\\/2\\\/2016\\\/06\\\/Skjermbilde-2016-06-28-kl.-01.08.03.png\",\"contentUrl\":\"https:\\\/\\\/nsff.no\\\/magasinet\\\/wp-content\\\/uploads\\\/sites\\\/2\\\/2016\\\/06\\\/Skjermbilde-2016-06-28-kl.-01.08.03.png\",\"caption\":\"Klikk den bl\u00e5 knappen \\\"Create Your Own Gravatar\\\".\"},{\"@type\":\"BreadcrumbList\",\"@id\":\"https:\\\/\\\/nsff.no\\\/magasinet\\\/gravatar-slik-far-du-profilbilde\\\/#breadcrumb\",\"itemListElement\":[{\"@type\":\"ListItem\",\"position\":1,\"name\":\"Hjem\",\"item\":\"https:\\\/\\\/nsff.no\\\/magasinet\\\/\"},{\"@type\":\"ListItem\",\"position\":2,\"name\":\"Gravatar &#8211; slik f\u00e5r du profilbilde\"}]},{\"@type\":\"WebSite\",\"@id\":\"https:\\\/\\\/nsff.no\\\/magasinet\\\/#website\",\"url\":\"https:\\\/\\\/nsff.no\\\/magasinet\\\/\",\"name\":\"NSFF Magasin | Norsk Selskap for Fotografi\",\"description\":\"Medlemsmagasin for film- og fotoentusiaster\",\"publisher\":{\"@id\":\"https:\\\/\\\/nsff.no\\\/magasinet\\\/#organization\"},\"potentialAction\":[{\"@type\":\"SearchAction\",\"target\":{\"@type\":\"EntryPoint\",\"urlTemplate\":\"https:\\\/\\\/nsff.no\\\/magasinet\\\/?s={search_term_string}\"},\"query-input\":{\"@type\":\"PropertyValueSpecification\",\"valueRequired\":true,\"valueName\":\"search_term_string\"}}],\"inLanguage\":\"nb-NO\"},{\"@type\":\"Organization\",\"@id\":\"https:\\\/\\\/nsff.no\\\/magasinet\\\/#organization\",\"name\":\"Norsk Selskap for Fotografo\",\"url\":\"https:\\\/\\\/nsff.no\\\/magasinet\\\/\",\"logo\":{\"@type\":\"ImageObject\",\"inLanguage\":\"nb-NO\",\"@id\":\"https:\\\/\\\/nsff.no\\\/magasinet\\\/#\\\/schema\\\/logo\\\/image\\\/\",\"url\":\"https:\\\/\\\/nsff.no\\\/magasinet\\\/wp-content\\\/uploads\\\/sites\\\/2\\\/2016\\\/05\\\/NSFF-fb-lenkebilde.png\",\"contentUrl\":\"https:\\\/\\\/nsff.no\\\/magasinet\\\/wp-content\\\/uploads\\\/sites\\\/2\\\/2016\\\/05\\\/NSFF-fb-lenkebilde.png\",\"width\":1,\"height\":1,\"caption\":\"Norsk Selskap for Fotografo\"},\"image\":{\"@id\":\"https:\\\/\\\/nsff.no\\\/magasinet\\\/#\\\/schema\\\/logo\\\/image\\\/\"}}]}<\/script>\n<!-- \/ Yoast SEO plugin. -->","yoast_head_json":{"title":"Gravatar - slik f\u00e5r du profilbilde - NSFF Magasin | Norsk Selskap for Fotografi","description":"NSFF Magasin er drevet med WordPress, med mange nyttige funksjoner og tillegg \u2013 en av disse er muligheten for \u00e5 bruke et profilbilde. Slik gj\u00f8r du!","robots":{"index":"index","follow":"follow","max-snippet":"max-snippet:-1","max-image-preview":"max-image-preview:large","max-video-preview":"max-video-preview:-1"},"canonical":"https:\/\/nsff.no\/magasinet\/gravatar-slik-far-du-profilbilde\/","og_locale":"nb_NO","og_type":"article","og_title":"Gravatar - slik f\u00e5r du profilbilde - NSFF Magasin | Norsk Selskap for Fotografi","og_description":"NSFF Magasin er drevet med WordPress, med mange nyttige funksjoner og tillegg \u2013 en av disse er muligheten for \u00e5 bruke et profilbilde. Slik gj\u00f8r du!","og_url":"https:\/\/nsff.no\/magasinet\/gravatar-slik-far-du-profilbilde\/","og_site_name":"NSFF Magasin | Norsk Selskap for Fotografi","article_modified_time":"2016-06-27T23:43:35+00:00","og_image":[{"url":"https:\/\/nsff.no\/magasinet\/wp-content\/uploads\/sites\/2\/2016\/06\/Skjermbilde-2016-06-28-kl.-01.08.03.png","width":1,"height":1,"type":"image\/png"}],"twitter_card":"summary_large_image","twitter_misc":{"Ansl. lesetid":"1 minutt"},"schema":{"@context":"https:\/\/schema.org","@graph":[{"@type":"WebPage","@id":"https:\/\/nsff.no\/magasinet\/gravatar-slik-far-du-profilbilde\/","url":"https:\/\/nsff.no\/magasinet\/gravatar-slik-far-du-profilbilde\/","name":"Gravatar - slik f\u00e5r du profilbilde - NSFF Magasin | Norsk Selskap for Fotografi","isPartOf":{"@id":"https:\/\/nsff.no\/magasinet\/#website"},"primaryImageOfPage":{"@id":"https:\/\/nsff.no\/magasinet\/gravatar-slik-far-du-profilbilde\/#primaryimage"},"image":{"@id":"https:\/\/nsff.no\/magasinet\/gravatar-slik-far-du-profilbilde\/#primaryimage"},"thumbnailUrl":"https:\/\/nsff.no\/magasinet\/wp-content\/uploads\/sites\/2\/2016\/06\/Skjermbilde-2016-06-28-kl.-01.08.03.png","datePublished":"2016-06-27T23:43:19+00:00","dateModified":"2016-06-27T23:43:35+00:00","description":"NSFF Magasin er drevet med WordPress, med mange nyttige funksjoner og tillegg \u2013 en av disse er muligheten for \u00e5 bruke et profilbilde. Slik gj\u00f8r du!","breadcrumb":{"@id":"https:\/\/nsff.no\/magasinet\/gravatar-slik-far-du-profilbilde\/#breadcrumb"},"inLanguage":"nb-NO","potentialAction":[{"@type":"ReadAction","target":["https:\/\/nsff.no\/magasinet\/gravatar-slik-far-du-profilbilde\/"]}]},{"@type":"ImageObject","inLanguage":"nb-NO","@id":"https:\/\/nsff.no\/magasinet\/gravatar-slik-far-du-profilbilde\/#primaryimage","url":"https:\/\/nsff.no\/magasinet\/wp-content\/uploads\/sites\/2\/2016\/06\/Skjermbilde-2016-06-28-kl.-01.08.03.png","contentUrl":"https:\/\/nsff.no\/magasinet\/wp-content\/uploads\/sites\/2\/2016\/06\/Skjermbilde-2016-06-28-kl.-01.08.03.png","caption":"Klikk den bl\u00e5 knappen \"Create Your Own Gravatar\"."},{"@type":"BreadcrumbList","@id":"https:\/\/nsff.no\/magasinet\/gravatar-slik-far-du-profilbilde\/#breadcrumb","itemListElement":[{"@type":"ListItem","position":1,"name":"Hjem","item":"https:\/\/nsff.no\/magasinet\/"},{"@type":"ListItem","position":2,"name":"Gravatar &#8211; slik f\u00e5r du profilbilde"}]},{"@type":"WebSite","@id":"https:\/\/nsff.no\/magasinet\/#website","url":"https:\/\/nsff.no\/magasinet\/","name":"NSFF Magasin | Norsk Selskap for Fotografi","description":"Medlemsmagasin for film- og fotoentusiaster","publisher":{"@id":"https:\/\/nsff.no\/magasinet\/#organization"},"potentialAction":[{"@type":"SearchAction","target":{"@type":"EntryPoint","urlTemplate":"https:\/\/nsff.no\/magasinet\/?s={search_term_string}"},"query-input":{"@type":"PropertyValueSpecification","valueRequired":true,"valueName":"search_term_string"}}],"inLanguage":"nb-NO"},{"@type":"Organization","@id":"https:\/\/nsff.no\/magasinet\/#organization","name":"Norsk Selskap for Fotografo","url":"https:\/\/nsff.no\/magasinet\/","logo":{"@type":"ImageObject","inLanguage":"nb-NO","@id":"https:\/\/nsff.no\/magasinet\/#\/schema\/logo\/image\/","url":"https:\/\/nsff.no\/magasinet\/wp-content\/uploads\/sites\/2\/2016\/05\/NSFF-fb-lenkebilde.png","contentUrl":"https:\/\/nsff.no\/magasinet\/wp-content\/uploads\/sites\/2\/2016\/05\/NSFF-fb-lenkebilde.png","width":1,"height":1,"caption":"Norsk Selskap for Fotografo"},"image":{"@id":"https:\/\/nsff.no\/magasinet\/#\/schema\/logo\/image\/"}}]}},"_links":{"self":[{"href":"https:\/\/nsff.no\/magasinet\/wp-json\/wp\/v2\/pages\/3587","targetHints":{"allow":["GET"]}}],"collection":[{"href":"https:\/\/nsff.no\/magasinet\/wp-json\/wp\/v2\/pages"}],"about":[{"href":"https:\/\/nsff.no\/magasinet\/wp-json\/wp\/v2\/types\/page"}],"author":[{"embeddable":true,"href":"https:\/\/nsff.no\/magasinet\/wp-json\/wp\/v2\/users\/1"}],"replies":[{"embeddable":true,"href":"https:\/\/nsff.no\/magasinet\/wp-json\/wp\/v2\/comments?post=3587"}],"version-history":[{"count":4,"href":"https:\/\/nsff.no\/magasinet\/wp-json\/wp\/v2\/pages\/3587\/revisions"}],"predecessor-version":[{"id":3604,"href":"https:\/\/nsff.no\/magasinet\/wp-json\/wp\/v2\/pages\/3587\/revisions\/3604"}],"wp:featuredmedia":[{"embeddable":true,"href":"https:\/\/nsff.no\/magasinet\/wp-json\/wp\/v2\/media\/3588"}],"wp:attachment":[{"href":"https:\/\/nsff.no\/magasinet\/wp-json\/wp\/v2\/media?parent=3587"}],"curies":[{"name":"wp","href":"https:\/\/api.w.org\/{rel}","templated":true}]}}