{"id":3434,"date":"2016-06-18T22:46:07","date_gmt":"2016-06-18T20:46:07","guid":{"rendered":"http:\/\/nsff.no\/magasinet\/?page_id=3434"},"modified":"2020-04-13T17:46:53","modified_gmt":"2020-04-13T15:46:53","slug":"redaksjonen-magasinets-bidragsytere","status":"publish","type":"page","link":"https:\/\/nsff.no\/magasinet\/om-nsff-magasin\/redaksjonen-magasinets-bidragsytere\/","title":{"rendered":"Redaksjonen og magasinets bidragsytere"},"content":{"rendered":"<p>NSFF Magasin er dugnadsdrevet av og for medlemmer i Norsk Selskap for Fotografi. P\u00e5 denne siden presenteres redaksjonen og de flittigste bidragsyterne til magasinet. Vi h\u00e5per \u00e5 utvide siden \u2013 kanskje med DITT navn? Ta kontakt med <a href=\"mailto:magasinet@nsff.no\">magasinet@nsff.no<\/a> om du \u00f8nsker \u00e5 bidra!<\/p>\n<p><em>Om du er en av bidragsyterne og \u00f8nsker \u00e5 ha profilbilde i din signaturboks kan du <a href=\"http:\/\/nsff.no\/magasinet\/gravatar-slik-far-du-profilbilde\/\">f\u00f8lge instruksene p\u00e5 denne siden<\/a>.<\/em><\/p>\n","protected":false},"excerpt":{"rendered":"<p>NSFF Magasin er dugnadsdrevet av og for medlemmer i Norsk Selskap for Fotografi. Her presenteres redaksjonen og v\u00e5re flittige bidragsytere. Blir du med?<\/p>\n","protected":false},"author":1,"featured_media":3264,"parent":2559,"menu_order":0,"comment_status":"closed","ping_status":"closed","template":"page-template-authors.php","meta":{"_et_pb_use_builder":"off","_et_pb_old_content":"","_et_gb_content_width":"","footnotes":""},"class_list":["post-3434","page","type-page","status-publish","has-post-thumbnail","hentry"],"yoast_head":"<!-- This site is optimized with the Yoast SEO plugin v27.4 - https:\/\/yoast.com\/product\/yoast-seo-wordpress\/ -->\n<title>Redaksjonen og magasinets bidragsytere - NSFF Magasin | Norsk Selskap for Fotografi<\/title>\n<meta name=\"description\" content=\"NSFF Magasin er dugnadsdrevet av og for medlemmer i Norsk Selskap for Fotografi. Her presenteres redaksjonen og v\u00e5re flittige bidragsytere. Blir du med?\" \/>\n<meta name=\"robots\" content=\"index, follow, max-snippet:-1, max-image-preview:large, max-video-preview:-1\" \/>\n<link rel=\"canonical\" href=\"https:\/\/nsff.no\/magasinet\/om-nsff-magasin\/redaksjonen-magasinets-bidragsytere\/\" \/>\n<meta property=\"og:locale\" content=\"nb_NO\" \/>\n<meta property=\"og:type\" content=\"article\" \/>\n<meta property=\"og:title\" content=\"Redaksjonen og magasinets bidragsytere - NSFF Magasin | Norsk Selskap for Fotografi\" \/>\n<meta property=\"og:description\" content=\"NSFF Magasin er dugnadsdrevet av og for medlemmer i Norsk Selskap for Fotografi. Her presenteres redaksjonen og v\u00e5re flittige bidragsytere. Blir du med?\" \/>\n<meta property=\"og:url\" content=\"https:\/\/nsff.no\/magasinet\/om-nsff-magasin\/redaksjonen-magasinets-bidragsytere\/\" \/>\n<meta property=\"og:site_name\" content=\"NSFF Magasin | Norsk Selskap for Fotografi\" \/>\n<meta property=\"article:modified_time\" content=\"2020-04-13T15:46:53+00:00\" \/>\n<meta property=\"og:image\" content=\"https:\/\/nsff.no\/magasinet\/wp-content\/uploads\/sites\/2\/2016\/05\/NSFF-fb-lenkebilde.png\" \/>\n\t<meta property=\"og:image:width\" content=\"1\" \/>\n\t<meta property=\"og:image:height\" content=\"1\" \/>\n\t<meta property=\"og:image:type\" content=\"image\/png\" \/>\n<meta name=\"twitter:card\" content=\"summary_large_image\" \/>\n<script type=\"application\/ld+json\" class=\"yoast-schema-graph\">{\"@context\":\"https:\\\/\\\/schema.org\",\"@graph\":[{\"@type\":\"WebPage\",\"@id\":\"https:\\\/\\\/nsff.no\\\/magasinet\\\/om-nsff-magasin\\\/redaksjonen-magasinets-bidragsytere\\\/\",\"url\":\"https:\\\/\\\/nsff.no\\\/magasinet\\\/om-nsff-magasin\\\/redaksjonen-magasinets-bidragsytere\\\/\",\"name\":\"Redaksjonen og magasinets bidragsytere - NSFF Magasin | Norsk Selskap for Fotografi\",\"isPartOf\":{\"@id\":\"https:\\\/\\\/nsff.no\\\/magasinet\\\/#website\"},\"primaryImageOfPage\":{\"@id\":\"https:\\\/\\\/nsff.no\\\/magasinet\\\/om-nsff-magasin\\\/redaksjonen-magasinets-bidragsytere\\\/#primaryimage\"},\"image\":{\"@id\":\"https:\\\/\\\/nsff.no\\\/magasinet\\\/om-nsff-magasin\\\/redaksjonen-magasinets-bidragsytere\\\/#primaryimage\"},\"thumbnailUrl\":\"https:\\\/\\\/nsff.no\\\/magasinet\\\/wp-content\\\/uploads\\\/sites\\\/2\\\/2016\\\/05\\\/NSFF-fb-lenkebilde.png\",\"datePublished\":\"2016-06-18T20:46:07+00:00\",\"dateModified\":\"2020-04-13T15:46:53+00:00\",\"description\":\"NSFF Magasin er dugnadsdrevet av og for medlemmer i Norsk Selskap for Fotografi. Her presenteres redaksjonen og v\u00e5re flittige bidragsytere. Blir du med?\",\"breadcrumb\":{\"@id\":\"https:\\\/\\\/nsff.no\\\/magasinet\\\/om-nsff-magasin\\\/redaksjonen-magasinets-bidragsytere\\\/#breadcrumb\"},\"inLanguage\":\"nb-NO\",\"potentialAction\":[{\"@type\":\"ReadAction\",\"target\":[\"https:\\\/\\\/nsff.no\\\/magasinet\\\/om-nsff-magasin\\\/redaksjonen-magasinets-bidragsytere\\\/\"]}]},{\"@type\":\"ImageObject\",\"inLanguage\":\"nb-NO\",\"@id\":\"https:\\\/\\\/nsff.no\\\/magasinet\\\/om-nsff-magasin\\\/redaksjonen-magasinets-bidragsytere\\\/#primaryimage\",\"url\":\"https:\\\/\\\/nsff.no\\\/magasinet\\\/wp-content\\\/uploads\\\/sites\\\/2\\\/2016\\\/05\\\/NSFF-fb-lenkebilde.png\",\"contentUrl\":\"https:\\\/\\\/nsff.no\\\/magasinet\\\/wp-content\\\/uploads\\\/sites\\\/2\\\/2016\\\/05\\\/NSFF-fb-lenkebilde.png\",\"caption\":\"NSFF Magasin\"},{\"@type\":\"BreadcrumbList\",\"@id\":\"https:\\\/\\\/nsff.no\\\/magasinet\\\/om-nsff-magasin\\\/redaksjonen-magasinets-bidragsytere\\\/#breadcrumb\",\"itemListElement\":[{\"@type\":\"ListItem\",\"position\":1,\"name\":\"Hjem\",\"item\":\"https:\\\/\\\/nsff.no\\\/magasinet\\\/\"},{\"@type\":\"ListItem\",\"position\":2,\"name\":\"Om NSFF Magasin\",\"item\":\"https:\\\/\\\/nsff.no\\\/magasinet\\\/om-nsff-magasin\\\/\"},{\"@type\":\"ListItem\",\"position\":3,\"name\":\"Redaksjonen og magasinets bidragsytere\"}]},{\"@type\":\"WebSite\",\"@id\":\"https:\\\/\\\/nsff.no\\\/magasinet\\\/#website\",\"url\":\"https:\\\/\\\/nsff.no\\\/magasinet\\\/\",\"name\":\"NSFF Magasin | Norsk Selskap for Fotografi\",\"description\":\"Medlemsmagasin for film- og fotoentusiaster\",\"publisher\":{\"@id\":\"https:\\\/\\\/nsff.no\\\/magasinet\\\/#organization\"},\"potentialAction\":[{\"@type\":\"SearchAction\",\"target\":{\"@type\":\"EntryPoint\",\"urlTemplate\":\"https:\\\/\\\/nsff.no\\\/magasinet\\\/?s={search_term_string}\"},\"query-input\":{\"@type\":\"PropertyValueSpecification\",\"valueRequired\":true,\"valueName\":\"search_term_string\"}}],\"inLanguage\":\"nb-NO\"},{\"@type\":\"Organization\",\"@id\":\"https:\\\/\\\/nsff.no\\\/magasinet\\\/#organization\",\"name\":\"Norsk Selskap for Fotografo\",\"url\":\"https:\\\/\\\/nsff.no\\\/magasinet\\\/\",\"logo\":{\"@type\":\"ImageObject\",\"inLanguage\":\"nb-NO\",\"@id\":\"https:\\\/\\\/nsff.no\\\/magasinet\\\/#\\\/schema\\\/logo\\\/image\\\/\",\"url\":\"https:\\\/\\\/nsff.no\\\/magasinet\\\/wp-content\\\/uploads\\\/sites\\\/2\\\/2016\\\/05\\\/NSFF-fb-lenkebilde.png\",\"contentUrl\":\"https:\\\/\\\/nsff.no\\\/magasinet\\\/wp-content\\\/uploads\\\/sites\\\/2\\\/2016\\\/05\\\/NSFF-fb-lenkebilde.png\",\"width\":1,\"height\":1,\"caption\":\"Norsk Selskap for Fotografo\"},\"image\":{\"@id\":\"https:\\\/\\\/nsff.no\\\/magasinet\\\/#\\\/schema\\\/logo\\\/image\\\/\"}}]}<\/script>\n<!-- \/ Yoast SEO plugin. -->","yoast_head_json":{"title":"Redaksjonen og magasinets bidragsytere - NSFF Magasin | Norsk Selskap for Fotografi","description":"NSFF Magasin er dugnadsdrevet av og for medlemmer i Norsk Selskap for Fotografi. Her presenteres redaksjonen og v\u00e5re flittige bidragsytere. Blir du med?","robots":{"index":"index","follow":"follow","max-snippet":"max-snippet:-1","max-image-preview":"max-image-preview:large","max-video-preview":"max-video-preview:-1"},"canonical":"https:\/\/nsff.no\/magasinet\/om-nsff-magasin\/redaksjonen-magasinets-bidragsytere\/","og_locale":"nb_NO","og_type":"article","og_title":"Redaksjonen og magasinets bidragsytere - NSFF Magasin | Norsk Selskap for Fotografi","og_description":"NSFF Magasin er dugnadsdrevet av og for medlemmer i Norsk Selskap for Fotografi. Her presenteres redaksjonen og v\u00e5re flittige bidragsytere. Blir du med?","og_url":"https:\/\/nsff.no\/magasinet\/om-nsff-magasin\/redaksjonen-magasinets-bidragsytere\/","og_site_name":"NSFF Magasin | Norsk Selskap for Fotografi","article_modified_time":"2020-04-13T15:46:53+00:00","og_image":[{"url":"https:\/\/nsff.no\/magasinet\/wp-content\/uploads\/sites\/2\/2016\/05\/NSFF-fb-lenkebilde.png","width":1,"height":1,"type":"image\/png"}],"twitter_card":"summary_large_image","schema":{"@context":"https:\/\/schema.org","@graph":[{"@type":"WebPage","@id":"https:\/\/nsff.no\/magasinet\/om-nsff-magasin\/redaksjonen-magasinets-bidragsytere\/","url":"https:\/\/nsff.no\/magasinet\/om-nsff-magasin\/redaksjonen-magasinets-bidragsytere\/","name":"Redaksjonen og magasinets bidragsytere - NSFF Magasin | Norsk Selskap for Fotografi","isPartOf":{"@id":"https:\/\/nsff.no\/magasinet\/#website"},"primaryImageOfPage":{"@id":"https:\/\/nsff.no\/magasinet\/om-nsff-magasin\/redaksjonen-magasinets-bidragsytere\/#primaryimage"},"image":{"@id":"https:\/\/nsff.no\/magasinet\/om-nsff-magasin\/redaksjonen-magasinets-bidragsytere\/#primaryimage"},"thumbnailUrl":"https:\/\/nsff.no\/magasinet\/wp-content\/uploads\/sites\/2\/2016\/05\/NSFF-fb-lenkebilde.png","datePublished":"2016-06-18T20:46:07+00:00","dateModified":"2020-04-13T15:46:53+00:00","description":"NSFF Magasin er dugnadsdrevet av og for medlemmer i Norsk Selskap for Fotografi. Her presenteres redaksjonen og v\u00e5re flittige bidragsytere. Blir du med?","breadcrumb":{"@id":"https:\/\/nsff.no\/magasinet\/om-nsff-magasin\/redaksjonen-magasinets-bidragsytere\/#breadcrumb"},"inLanguage":"nb-NO","potentialAction":[{"@type":"ReadAction","target":["https:\/\/nsff.no\/magasinet\/om-nsff-magasin\/redaksjonen-magasinets-bidragsytere\/"]}]},{"@type":"ImageObject","inLanguage":"nb-NO","@id":"https:\/\/nsff.no\/magasinet\/om-nsff-magasin\/redaksjonen-magasinets-bidragsytere\/#primaryimage","url":"https:\/\/nsff.no\/magasinet\/wp-content\/uploads\/sites\/2\/2016\/05\/NSFF-fb-lenkebilde.png","contentUrl":"https:\/\/nsff.no\/magasinet\/wp-content\/uploads\/sites\/2\/2016\/05\/NSFF-fb-lenkebilde.png","caption":"NSFF Magasin"},{"@type":"BreadcrumbList","@id":"https:\/\/nsff.no\/magasinet\/om-nsff-magasin\/redaksjonen-magasinets-bidragsytere\/#breadcrumb","itemListElement":[{"@type":"ListItem","position":1,"name":"Hjem","item":"https:\/\/nsff.no\/magasinet\/"},{"@type":"ListItem","position":2,"name":"Om NSFF Magasin","item":"https:\/\/nsff.no\/magasinet\/om-nsff-magasin\/"},{"@type":"ListItem","position":3,"name":"Redaksjonen og magasinets bidragsytere"}]},{"@type":"WebSite","@id":"https:\/\/nsff.no\/magasinet\/#website","url":"https:\/\/nsff.no\/magasinet\/","name":"NSFF Magasin | Norsk Selskap for Fotografi","description":"Medlemsmagasin for film- og fotoentusiaster","publisher":{"@id":"https:\/\/nsff.no\/magasinet\/#organization"},"potentialAction":[{"@type":"SearchAction","target":{"@type":"EntryPoint","urlTemplate":"https:\/\/nsff.no\/magasinet\/?s={search_term_string}"},"query-input":{"@type":"PropertyValueSpecification","valueRequired":true,"valueName":"search_term_string"}}],"inLanguage":"nb-NO"},{"@type":"Organization","@id":"https:\/\/nsff.no\/magasinet\/#organization","name":"Norsk Selskap for Fotografo","url":"https:\/\/nsff.no\/magasinet\/","logo":{"@type":"ImageObject","inLanguage":"nb-NO","@id":"https:\/\/nsff.no\/magasinet\/#\/schema\/logo\/image\/","url":"https:\/\/nsff.no\/magasinet\/wp-content\/uploads\/sites\/2\/2016\/05\/NSFF-fb-lenkebilde.png","contentUrl":"https:\/\/nsff.no\/magasinet\/wp-content\/uploads\/sites\/2\/2016\/05\/NSFF-fb-lenkebilde.png","width":1,"height":1,"caption":"Norsk Selskap for Fotografo"},"image":{"@id":"https:\/\/nsff.no\/magasinet\/#\/schema\/logo\/image\/"}}]}},"_links":{"self":[{"href":"https:\/\/nsff.no\/magasinet\/wp-json\/wp\/v2\/pages\/3434","targetHints":{"allow":["GET"]}}],"collection":[{"href":"https:\/\/nsff.no\/magasinet\/wp-json\/wp\/v2\/pages"}],"about":[{"href":"https:\/\/nsff.no\/magasinet\/wp-json\/wp\/v2\/types\/page"}],"author":[{"embeddable":true,"href":"https:\/\/nsff.no\/magasinet\/wp-json\/wp\/v2\/users\/1"}],"replies":[{"embeddable":true,"href":"https:\/\/nsff.no\/magasinet\/wp-json\/wp\/v2\/comments?post=3434"}],"version-history":[{"count":7,"href":"https:\/\/nsff.no\/magasinet\/wp-json\/wp\/v2\/pages\/3434\/revisions"}],"predecessor-version":[{"id":8947,"href":"https:\/\/nsff.no\/magasinet\/wp-json\/wp\/v2\/pages\/3434\/revisions\/8947"}],"up":[{"embeddable":true,"href":"https:\/\/nsff.no\/magasinet\/wp-json\/wp\/v2\/pages\/2559"}],"wp:featuredmedia":[{"embeddable":true,"href":"https:\/\/nsff.no\/magasinet\/wp-json\/wp\/v2\/media\/3264"}],"wp:attachment":[{"href":"https:\/\/nsff.no\/magasinet\/wp-json\/wp\/v2\/media?parent=3434"}],"curies":[{"name":"wp","href":"https:\/\/api.w.org\/{rel}","templated":true}]}}