{"id":2559,"date":"2016-05-29T20:19:50","date_gmt":"2016-05-29T18:19:50","guid":{"rendered":"http:\/\/nsff.no\/magasinet\/?page_id=2559"},"modified":"2025-11-22T15:16:48","modified_gmt":"2025-11-22T14:16:48","slug":"om-nsff-magasin","status":"publish","type":"page","link":"https:\/\/nsff.no\/magasinet\/om-nsff-magasin\/","title":{"rendered":"Om NSFF Magasin"},"content":{"rendered":"<p>[et_pb_section fb_built=&raquo;1&#8243; admin_label=&raquo;section&raquo; _builder_version=&raquo;4.16&#8243; global_colors_info=&raquo;{}&raquo;][et_pb_row column_structure=&raquo;1_3,2_3&#8243; _builder_version=&raquo;4.16&#8243; background_size=&raquo;initial&raquo; background_position=&raquo;top_left&raquo; background_repeat=&raquo;repeat&raquo; global_colors_info=&raquo;{}&raquo;][et_pb_column type=&raquo;1_3&#8243; _builder_version=&raquo;4.16&#8243; custom_padding=&raquo;|||&raquo; global_colors_info=&raquo;{}&raquo; custom_padding__hover=&raquo;|||&raquo;][et_pb_text _builder_version=&raquo;4.27.4&#8243; text_text_color=&raquo;#000000&#8243; text_font_size=&raquo;13&#8243; text_line_height=&raquo;1.5em&raquo; header_2_text_color=&raquo;#000000&#8243; header_3_text_color=&raquo;#000000&#8243; background_color=&raquo;#9ac7c4&#8243; background_size=&raquo;initial&raquo; background_position=&raquo;top_left&raquo; background_repeat=&raquo;repeat&raquo; custom_padding=&raquo;20px|20px|10px|20px&raquo; hover_enabled=&raquo;0&#8243; use_border_color=&raquo;off&raquo; global_colors_info=&raquo;{}&raquo; sticky_enabled=&raquo;0&#8243;]<\/p>\n<p><strong>NSFF Magasin er et digitalt medlemsmagasin for film- og fotoentusiaster tilknyttet <a href=\"http:\/\/nsff.no\" target=\"_blank\" rel=\"noopener\">Norsk Selskap for Fotografi<\/a>. NSFF-medlemmer utgj\u00f8r p\u00e5 frivillig basis redaksjonen, som utnevnes av NSFF-styret.<\/strong><\/p>\n<h2>Redaksjon<\/h2>\n<p>Gjeldende fra 1. januar 2023<\/p>\n<dl>\n<dt>Redakt\u00f8r: Inger Postvoll<\/dt>\n<dd>E-post: <a href=\"mailto:magasinet@nsff.no\">magasinet@nsff.no<\/a><\/dd>\n<dt>Redaksjonsmedlem, ansvarlig fotostoff:<\/dt>\n<dd>ledig posisjon<\/dd>\n<dt>Redaksjonsmedlem, ansvarlig filmstoff:<\/dt>\n<dd>ledig posisjon<\/dd>\n<\/dl>\n<p><em>Fra oppstart i 2014 til 2016 var <strong>Roy Morten Gleditsch<\/strong> (Bergen Fritidsfilmere; NSFF Filmutvalget) redakt\u00f8r, og <strong>Arnt Morten Dolen<\/strong> (Alvdal Fotoklubb) sto for spr\u00e5kvask. En stor innsats ble lagt ned av <strong>H\u00e5kon Tr\u00f8nnes<\/strong> (Vingelen Fotoklubb), med utallige kunnskapsartikler om b\u00e5de programvare og utstyr. Fra 2016 til 2023 var <strong>Birgit Fostervold<\/strong> (Homborsund fotoklubb; nestleder NSFF 2017\u20132022) redakt\u00f8r for NSFF Magasin. <\/em><\/p>\n<h3>Andre bidragsytere<\/h3>\n<ul>\n<li>Alle medlemmer av foto- og filmklubber tilsluttet NSFF<\/li>\n<li>Regionkontakter og tillitsvalgte i NSFF<\/li>\n<li>Eksterne ressurser<\/li>\n<li>Du..?<\/li>\n<\/ul>\n<p>[\/et_pb_text][et_pb_text _builder_version=&raquo;4.17.4&#8243; text_font_size=&raquo;13&#8243; text_line_height=&raquo;1.5em&raquo; background_size=&raquo;initial&raquo; background_position=&raquo;top_left&raquo; background_repeat=&raquo;repeat&raquo; hover_enabled=&raquo;0&#8243; use_border_color=&raquo;off&raquo; border_color=&raquo;#ffffff&raquo; border_style=&raquo;solid&raquo; global_colors_info=&raquo;{}&raquo; sticky_enabled=&raquo;0&#8243;]<\/p>\n<h2>Bilder p\u00e5 nettstedet<\/h2>\n<p><strong>Som et medlemsforum for fotografer og filmskapere s\u00f8ker NSFF Magasin i s\u00e5 stor grad som mulig \u00e5 bruke egenproduserte bilder for illustrasjoner i artiklene<\/strong>. Fotografen vil da v\u00e6re kreditert i byline p\u00e5 lik linje som tekstforfatter, ev. i bildetekst dersom det er mer hensiktsmessig. MERK: Artikkelforfatter m\u00e5 forsikre seg om at det er bruksrett for de bilder som leveres sammen med teksten.<\/p>\n<p>I noen tilfeller vil det v\u00e6re naturlig \u00e5 bruke produktbilder fra produsent, vi vil s\u00e5 godt det lar seg gj\u00f8re opplyse om dette i artiklene.<\/p>\n<p>Der det ikke lar seg gj\u00f8re \u00e5 finne egnede bilder i egen bildedatabase, benyttes bilder fra det \u00e5pne domene eller Creative Commons med \u00e5pen brukslisens. Spesielt historiske album p\u00e5 flickr byr p\u00e5 mange godbiter \u2013 det anbefales \u00e5 ta en titt selv om du ikke har behov for bilder til egen bruk! <a href=\"https:\/\/nrkbeta.no\/2009\/01\/12\/fantastiske-norgesbilder-paa-flickr\/\" target=\"_blank\" rel=\"noopener\">Les denne artikkelen p\u00e5 NRKbeta<\/a> for informasjon.<\/p>\n<p>[\/et_pb_text][et_pb_text _builder_version=&raquo;4.19.4&#8243; _module_preset=&raquo;default&raquo; background_color=&raquo;#bc5532&#8243; background_layout=&raquo;dark&raquo; custom_padding=&raquo;10px|20px|10px|20px|false|false&raquo; hover_enabled=&raquo;0&#8243; global_colors_info=&raquo;{}&raquo; sticky_enabled=&raquo;0&#8243;]<\/p>\n<h3>Opphavsrett<\/h3>\n<p>Bilder brukt i reportasjer som sendes inn til nsff.no eller NSFF Magasin skal v\u00e6re tatt av vedkommende som er oppgitt som fotograf. <strong>Dette m\u00e5 kvalitetssikres av klubben f\u00f8r innsendelse.<\/strong> Klubben, ikke NSFF, er ansvarlig for \u00f8konomiske krav som m\u00e5tte komme p\u00e5 grunn av brudd p\u00e5 opphavsrett.<\/p>\n<p>Bilder som er levert av enkeltmedlemmer til nsff.no, NSFF Magasin, NM i foto, NM i film, prosjekter, etc. omfattes av de samme betingelser.<\/p>\n<p>[\/et_pb_text][\/et_pb_column][et_pb_column type=&raquo;2_3&#8243; _builder_version=&raquo;4.16&#8243; custom_padding=&raquo;|||&raquo; global_colors_info=&raquo;{}&raquo; custom_padding__hover=&raquo;|||&raquo;][et_pb_text admin_label=&raquo;Dette er NSFF Magasin, oppsummert&raquo; module_class=&raquo;thisisnsff&raquo; _builder_version=&raquo;4.19.0&#8243; background_color=&raquo;#4a848f&raquo; background_size=&raquo;initial&raquo; background_position=&raquo;top_left&raquo; background_repeat=&raquo;repeat&raquo; background_layout=&raquo;dark&raquo; custom_padding=&raquo;10px|20px|10px|20px&raquo; use_border_color=&raquo;off&raquo; global_colors_info=&raquo;{}&raquo;]<\/p>\n<dl>\n<dt>\n<h2>NSFF Magasin er:<\/h2>\n<\/dt>\n<dd>&#8230; et <strong>utstillingsvindu<\/strong> for film- og fotoentusiaster tilknyttet Norsk Selskap for Fotografi.<\/dd>\n<dd>&#8230; en <strong>inspirasjonskilde<\/strong> for NSFF-medlemmer og -medlemsklubber.<\/dd>\n<dd>&#8230; en <strong>nyhetskanal<\/strong> for de som \u00f8nsker \u00e5 holde seg oppdatert p\u00e5 medlemsklubbenes aktiviteter.<\/dd>\n<dd>&#8230; en <strong>kunnskapsbank<\/strong> der medlemmer deler tips og triks som kan gj\u00f8re film- og fotohobbyen enda mer givende.<\/dd>\n<\/dl>\n<dl>\n<dt>\n<h2>NSFF Magasin er IKKE:<\/h2>\n<\/dt>\n<dd>&#8230; en kilde for informasjon om og tester av det siste innen kamerautstyr og andre tekniske duppeditter.<\/dd>\n<dd>&#8230; et taler\u00f8r, informasjons- eller nyhetskanal for NSFF som organisasjon \u2013 til det benyttes <a style=\"color: #fff;\" href=\"http:\/\/nsff.no\">nsff.no<\/a>.<\/dd>\n<dd>&#8230; en arena for debatt omkring driften av organisasjonen.<\/dd>\n<\/dl>\n<p>[\/et_pb_text][et_pb_text _builder_version=&raquo;4.17.4&#8243; background_size=&raquo;initial&raquo; background_position=&raquo;top_left&raquo; background_repeat=&raquo;repeat&raquo; use_border_color=&raquo;off&raquo; border_color=&raquo;#ffffff&raquo; border_style=&raquo;solid&raquo; global_colors_info=&raquo;{}&raquo;]<\/p>\n<h2>Slik bidrar du til NSFF Magasin<\/h2>\n<p>Vi i redaksjonen driver &laquo;opps\u00f8kende virksomhet&raquo; men setter allikevel stor pris p\u00e5 alle bidrag til magasinet. Om du ikke er glad i \u00e5 skrive men allikevel har noe \u00e5 formidle fikser vi det!<\/p>\n<h3>Tekstformat<\/h3>\n<p>Tekstinnlegg kan skrives som ordin\u00e6r e-post, alternativt i form av tekstdokument sendt som vedlegg. Formatering av fonter i tekst utover angivelse av avsnittsoverskrifter er un\u00f8dvendig; ved publisering vil all tekst uansett bli formatert i samsvar med magasinets design. Bilder skal alltid sendes som vedlegg med eventuelle referanser i teksten hvor bildene eventuelt skal passe inn.<\/p>\n<h3>Bildeformater og oppl\u00f8sninger<\/h3>\n<p>Bilder som skal f\u00f8lge artikler b\u00f8r v\u00e6re fotografisk tilfredsstillende; ikke n\u00f8dvendig kunstneriske, men velkomponerte og skarpe. Da Magasinet er en webbasert versjon vil redaksjonen ha bildene tilsendt i en st\u00f8rrelse og oppl\u00f8sning som er egnet for web-presentasjon p\u00e5 skjerm og mobil. Redaksjonen forbeholder seg retten til \u00e5 forminske st\u00f8rrelsen p\u00e5 tilsendte bilder, men de vil aldri beskj\u00e6res annet enn hva gjelder miniatyrbilder som benyttes til &laquo;teaser&raquo;\/ledetekst p\u00e5 samlesider. Artikkelforfatter m\u00e5 s\u00f8rge for at det er n\u00f8dvendig bruksrett p\u00e5 bilder som f\u00f8lger teksten.<\/p>\n<h3>Forsendelse av stoff<\/h3>\n<p>Ved forslag til artikler og annet innhold, ta kontakt med redaksjonen via e-post <a href=\"mailto:magasinet@nsff.no\">magasinet@nsff.no<\/a>.<\/p>\n<h2>Retningslinjer for NSFF Magasin<\/h2>\n<p><strong>Gyldig pr. 01.06.2016.<\/strong><\/p>\n<p>[\/et_pb_text][et_pb_accordion open_toggle_background_color=&raquo;#FFFFFF&raquo; closed_toggle_text_color=&raquo;#FFFFFF&raquo; closed_toggle_background_color=&raquo;#4a848f&raquo; icon_color=&raquo;#9ac7c4&#8243; _builder_version=&raquo;4.19.1&#8243; border_color_all=&raquo;#4a848f&raquo; use_border_color=&raquo;off&raquo; border_color=&raquo;#ffffff&raquo; border_style=&raquo;solid&raquo; global_colors_info=&raquo;{}&raquo;][et_pb_accordion_item title=&raquo;Form\u00e5l og m\u00e5lsetning&raquo; open=&raquo;on&raquo; _builder_version=&raquo;4.19.1&#8243; global_colors_info=&raquo;{}&raquo;]<\/p>\n<ul>\n<li>Magasinets m\u00e5lsetning er \u00e5 gi NSFF-medlemmene et ekstratilbud.<\/li>\n<li>Magasinet skal v\u00e6re et supplement til <a href=\"http:\/\/www.nssf.no\/\" target=\"_blank\" rel=\"noopener\">nsff.no<\/a> og gi medlemmene inspirerende p\u00e5fyll utover det som forbundets nettsider bidrar med.<\/li>\n<li>Magasinet skal bidra til \u00e5 styrke kompetansen og det faglige niv\u00e5et for film- og fotoamat\u00f8rene i Norge.<\/li>\n<\/ul>\n<p>[\/et_pb_accordion_item][et_pb_accordion_item title=&raquo;Navn, form og format&raquo; _builder_version=&raquo;4.19.1&#8243; global_colors_info=&raquo;{}&raquo; open=&raquo;off&raquo;]<\/p>\n<p>Etter bred idemyldring h\u00f8sten 2013 er Magasinets navn fastlagt til: <strong>NSFF MAGASIN; medlemsmagasin for film- og fotoentusiaster<\/strong>.<\/p>\n<h3>Form og format<\/h3>\n<p>Magasinet er besluttet \u00e5 lanseres i et nettbasert format med WordPress som verkt\u00f8y. Dette er et gratis open source publiseringsverkt\u00f8y som gir \u00f8nsket funksjonalitet og samtidig f\u00f8lger organisasjonens \u00f8konomiske profil.<\/p>\n<h3>Utgivelser<\/h3>\n<p>Magasinets webbaserte utgivelsesform gir \u00e5pning for \u00e5 bli et levende magasin med jevnlige oppdateringer med aktuelt stoff publisert til aktuell tid.<\/p>\n<h3>Deadlines<\/h3>\n<p>Med en digital l\u00f8sning som oppdateres l\u00f8pende blir det ingen deadlines som for et trykket magasin. Det er likevel sv\u00e6rt viktig \u00e5 oppn\u00e5 regelmessighet og publisere relevant innhold til rett tid. Dette gjelder f.eks. med hensyn til konkurranser, NM i film og foto, utstillinger m.m.<\/p>\n<p>[\/et_pb_accordion_item][et_pb_accordion_item title=&raquo;Redaksjon og ressurspersoner&raquo; _builder_version=&raquo;4.19.1&#8243; global_colors_info=&raquo;{}&raquo; open=&raquo;off&raquo;]<\/p>\n<p>Magasinredaksjonens arbeid er dugnadsbasert og b\u00f8r best\u00e5 av f\u00f8lgende resurspersoner:<\/p>\n<ul>\n<li>Redakt\u00f8r som har ansvar for det faglige innholdet og at magasinet blir tilf\u00f8rt innhold regelmessig.<\/li>\n<li>Research som har ansvar for at staben produserer stoff iht. intensjonene og \u201cst\u00f8vsuger\u201d milj\u00f8et for aktuelt stoff.<\/li>\n<li>Spr\u00e5kvask som har ansvar for kvalitetsikring av all tekst slik at magasinets innehold blir leservennlig og i tr\u00e5d med akseptert norsk rettskrivning.<\/li>\n<\/ul>\n<h3>Medarbeidere<\/h3>\n<p>Alt arbeid er dugnadsbasert og b\u00f8r best\u00e5 av f\u00f8lgende ressurspersoner:<\/p>\n<ul>\n<li>Skrivef\u00f8re personer fra film- og fotomilj\u00f8et i Norge. Resurser med journalistbakgrunn vil v\u00e6re et pre for magasinet.<\/li>\n<li>Personer med gode film- og fotokunnskaper, som kan tilf\u00f8re magasinet selvstendige bilder eller bilder tilknyttet til spesifikke artikler.<\/li>\n<li>Ressurser med tilknytninger til film- og fotomilj\u00f8et nasjonalt og internasjonalt, som kan oppdatere magasinet mht. nyheter innenfor nasjonale og internasjonale konkurranser, samt filmfestivaler inkludert FIAP og UNICA.<\/li>\n<\/ul>\n<p>[\/et_pb_accordion_item][et_pb_accordion_item title=&raquo;Innholdstype&raquo; _builder_version=&raquo;4.16&#8243; global_colors_info=&raquo;{}&raquo; open=&raquo;off&raquo;]Magasinets innhold skisseres med f\u00f8lgende stikkord (rev. juni 2016):<\/p>\n<ul>\n<li>Medlemspresentasjoner\/-gallerier.<\/li>\n<li>Klubbpresentasjoner og -nyheter.<\/li>\n<li>Nyheter fra fotoutstillinger med NSFF-medlemmers deltakelse.<\/li>\n<li>Nyheter fra filmfestivaler med NSFF-medlemmers deltakelse.<\/li>\n<li>Nytt fra nasjonale konkurranser for film og foto.<\/li>\n<li>Nytt fra film- og fotoprosjekter i klubbene.<\/li>\n<li>Nordiske fotografer og videografer.<\/li>\n<li>Temabaserte reportasjer.<\/li>\n<li>Tips og triks man kan l\u00e6re av.<\/li>\n<\/ul>\n<p>[\/et_pb_accordion_item][\/et_pb_accordion][\/et_pb_column][\/et_pb_row][\/et_pb_section]<\/p>\n","protected":false},"excerpt":{"rendered":"<p>NSFF Magasin er et digitalt medlemsmagasin for film- og fotoentusiaster tilknyttet Norsk Selskap for Fotografi. Magasinet drives p\u00e5 dugnad av medlemmene.<\/p>\n","protected":false},"author":1,"featured_media":10416,"parent":0,"menu_order":0,"comment_status":"closed","ping_status":"closed","template":"","meta":{"_et_pb_use_builder":"on","_et_pb_old_content":"NSFF Magasin er et nettbasert medlemsmagasin for medlemsmagasin for film- og fotoentusiaster tiknyttet <a href=\"http:\/\/nsff.no\" target=\"_blank\">Norsk Selskap for Fotografi<\/a>. Et knippe NSFF-medlemmer utgj\u00f8r p\u00e5 frivillig basis redaksjonen.\r\n<h2>Redaksjon pr. 1. juni 2016<\/h2>\r\n\r\n<dl>\r\n \t<dt>Redakt\u00f8r: Birgit Fostervold<\/dt>\r\n<dd>E-post: <a href=\"mailto:magasinet@nsff.no\">magasinet@nsff.no<\/a>, tlf: 997 06 367<\/dd>\r\n<dd>(medlem Arendal fotoklubb, regionskontakt Agder, webutvikler nsff.no)<\/dd>\r\n<dt>Stoffs\u00f8kere, ansvarlig fotostoff:<\/dt>\r\n<dd>Line Haakonsen (Arendal fotoklubb)<\/dd>\r\n<dd>Mona Hauglid (Arendal fotoklubb)<\/dd>\r\n<dt>Stoffs\u00f8kere, ansvarlig filmstoff:<\/dt>\r\n<dd>ledig posisjon<\/dd>\r\n<\/dl>\r\n\r\n<em>Fra oppstart til 31. mai 2016 var Roy Morten Gleditsch (Bergen Fritidsfilmere; NSFF Filmutvalget) redakt\u00f8r. Arnt Morten Dolen (Alvdal Fotoklubb) sto for spr\u00e5kvask.<\/em>\r\n\r\n<h3>Andre bidragsytere<\/h3>\r\n<ul>\r\n \t<li>Alle medlemmer av foto- og filmklubber tilsluttet NSFF<\/li>\r\n \t<li>Regionskontakter og tillitsvalgte i NSFF<\/li>\r\n \t<li>Eksterne ressurser<\/li>\r\n<\/ul>","_et_gb_content_width":"","footnotes":""},"class_list":["post-2559","page","type-page","status-publish","has-post-thumbnail","hentry"],"yoast_head":"<!-- This site is optimized with the Yoast SEO plugin v27.4 - https:\/\/yoast.com\/product\/yoast-seo-wordpress\/ -->\n<title>Om NSFF Magasin - NSFF Magasin | Norsk Selskap for Fotografi<\/title>\n<meta name=\"description\" content=\"NSFF Magasin er et digitalt medlemsmagasin for film- og fotoentusiaster tilknyttet Norsk Selskap for Fotografi. Magasinet drives p\u00e5 dugnad av medlemmene.\" \/>\n<meta name=\"robots\" content=\"index, follow, max-snippet:-1, max-image-preview:large, max-video-preview:-1\" \/>\n<link rel=\"canonical\" href=\"https:\/\/nsff.no\/magasinet\/om-nsff-magasin\/\" \/>\n<meta property=\"og:locale\" content=\"nb_NO\" \/>\n<meta property=\"og:type\" content=\"article\" \/>\n<meta property=\"og:title\" content=\"Om NSFF Magasin - NSFF Magasin | Norsk Selskap for Fotografi\" \/>\n<meta property=\"og:description\" content=\"NSFF Magasin er et digitalt medlemsmagasin for film- og fotoentusiaster tilknyttet Norsk Selskap for Fotografi. Magasinet drives p\u00e5 dugnad av medlemmene.\" \/>\n<meta property=\"og:url\" content=\"https:\/\/nsff.no\/magasinet\/om-nsff-magasin\/\" \/>\n<meta property=\"og:site_name\" content=\"NSFF Magasin | Norsk Selskap for Fotografi\" \/>\n<meta property=\"article:modified_time\" content=\"2025-11-22T14:16:48+00:00\" \/>\n<meta property=\"og:image\" content=\"https:\/\/nsff.no\/magasinet\/wp-content\/uploads\/sites\/2\/2022\/11\/nsff_magasin.png\" \/>\n\t<meta property=\"og:image:width\" content=\"1032\" \/>\n\t<meta property=\"og:image:height\" content=\"549\" \/>\n\t<meta property=\"og:image:type\" content=\"image\/png\" \/>\n<meta name=\"twitter:card\" content=\"summary_large_image\" \/>\n<meta name=\"twitter:label1\" content=\"Ansl. lesetid\" \/>\n\t<meta name=\"twitter:data1\" content=\"6 minutter\" \/>\n<script type=\"application\/ld+json\" class=\"yoast-schema-graph\">{\"@context\":\"https:\\\/\\\/schema.org\",\"@graph\":[{\"@type\":\"WebPage\",\"@id\":\"https:\\\/\\\/nsff.no\\\/magasinet\\\/om-nsff-magasin\\\/\",\"url\":\"https:\\\/\\\/nsff.no\\\/magasinet\\\/om-nsff-magasin\\\/\",\"name\":\"Om NSFF Magasin - NSFF Magasin | Norsk Selskap for Fotografi\",\"isPartOf\":{\"@id\":\"https:\\\/\\\/nsff.no\\\/magasinet\\\/#website\"},\"primaryImageOfPage\":{\"@id\":\"https:\\\/\\\/nsff.no\\\/magasinet\\\/om-nsff-magasin\\\/#primaryimage\"},\"image\":{\"@id\":\"https:\\\/\\\/nsff.no\\\/magasinet\\\/om-nsff-magasin\\\/#primaryimage\"},\"thumbnailUrl\":\"https:\\\/\\\/nsff.no\\\/magasinet\\\/wp-content\\\/uploads\\\/sites\\\/2\\\/2022\\\/11\\\/nsff_magasin.png\",\"datePublished\":\"2016-05-29T18:19:50+00:00\",\"dateModified\":\"2025-11-22T14:16:48+00:00\",\"description\":\"NSFF Magasin er et digitalt medlemsmagasin for film- og fotoentusiaster tilknyttet Norsk Selskap for Fotografi. Magasinet drives p\u00e5 dugnad av medlemmene.\",\"breadcrumb\":{\"@id\":\"https:\\\/\\\/nsff.no\\\/magasinet\\\/om-nsff-magasin\\\/#breadcrumb\"},\"inLanguage\":\"nb-NO\",\"potentialAction\":[{\"@type\":\"ReadAction\",\"target\":[\"https:\\\/\\\/nsff.no\\\/magasinet\\\/om-nsff-magasin\\\/\"]}]},{\"@type\":\"ImageObject\",\"inLanguage\":\"nb-NO\",\"@id\":\"https:\\\/\\\/nsff.no\\\/magasinet\\\/om-nsff-magasin\\\/#primaryimage\",\"url\":\"https:\\\/\\\/nsff.no\\\/magasinet\\\/wp-content\\\/uploads\\\/sites\\\/2\\\/2022\\\/11\\\/nsff_magasin.png\",\"contentUrl\":\"https:\\\/\\\/nsff.no\\\/magasinet\\\/wp-content\\\/uploads\\\/sites\\\/2\\\/2022\\\/11\\\/nsff_magasin.png\",\"width\":1032,\"height\":549,\"caption\":\"NSFF Magasin\"},{\"@type\":\"BreadcrumbList\",\"@id\":\"https:\\\/\\\/nsff.no\\\/magasinet\\\/om-nsff-magasin\\\/#breadcrumb\",\"itemListElement\":[{\"@type\":\"ListItem\",\"position\":1,\"name\":\"Hjem\",\"item\":\"https:\\\/\\\/nsff.no\\\/magasinet\\\/\"},{\"@type\":\"ListItem\",\"position\":2,\"name\":\"Om NSFF Magasin\"}]},{\"@type\":\"WebSite\",\"@id\":\"https:\\\/\\\/nsff.no\\\/magasinet\\\/#website\",\"url\":\"https:\\\/\\\/nsff.no\\\/magasinet\\\/\",\"name\":\"NSFF Magasin | Norsk Selskap for Fotografi\",\"description\":\"Medlemsmagasin for film- og fotoentusiaster\",\"publisher\":{\"@id\":\"https:\\\/\\\/nsff.no\\\/magasinet\\\/#organization\"},\"potentialAction\":[{\"@type\":\"SearchAction\",\"target\":{\"@type\":\"EntryPoint\",\"urlTemplate\":\"https:\\\/\\\/nsff.no\\\/magasinet\\\/?s={search_term_string}\"},\"query-input\":{\"@type\":\"PropertyValueSpecification\",\"valueRequired\":true,\"valueName\":\"search_term_string\"}}],\"inLanguage\":\"nb-NO\"},{\"@type\":\"Organization\",\"@id\":\"https:\\\/\\\/nsff.no\\\/magasinet\\\/#organization\",\"name\":\"Norsk Selskap for Fotografo\",\"url\":\"https:\\\/\\\/nsff.no\\\/magasinet\\\/\",\"logo\":{\"@type\":\"ImageObject\",\"inLanguage\":\"nb-NO\",\"@id\":\"https:\\\/\\\/nsff.no\\\/magasinet\\\/#\\\/schema\\\/logo\\\/image\\\/\",\"url\":\"https:\\\/\\\/nsff.no\\\/magasinet\\\/wp-content\\\/uploads\\\/sites\\\/2\\\/2016\\\/05\\\/NSFF-fb-lenkebilde.png\",\"contentUrl\":\"https:\\\/\\\/nsff.no\\\/magasinet\\\/wp-content\\\/uploads\\\/sites\\\/2\\\/2016\\\/05\\\/NSFF-fb-lenkebilde.png\",\"width\":1,\"height\":1,\"caption\":\"Norsk Selskap for Fotografo\"},\"image\":{\"@id\":\"https:\\\/\\\/nsff.no\\\/magasinet\\\/#\\\/schema\\\/logo\\\/image\\\/\"}}]}<\/script>\n<!-- \/ Yoast SEO plugin. -->","yoast_head_json":{"title":"Om NSFF Magasin - NSFF Magasin | Norsk Selskap for Fotografi","description":"NSFF Magasin er et digitalt medlemsmagasin for film- og fotoentusiaster tilknyttet Norsk Selskap for Fotografi. Magasinet drives p\u00e5 dugnad av medlemmene.","robots":{"index":"index","follow":"follow","max-snippet":"max-snippet:-1","max-image-preview":"max-image-preview:large","max-video-preview":"max-video-preview:-1"},"canonical":"https:\/\/nsff.no\/magasinet\/om-nsff-magasin\/","og_locale":"nb_NO","og_type":"article","og_title":"Om NSFF Magasin - NSFF Magasin | Norsk Selskap for Fotografi","og_description":"NSFF Magasin er et digitalt medlemsmagasin for film- og fotoentusiaster tilknyttet Norsk Selskap for Fotografi. Magasinet drives p\u00e5 dugnad av medlemmene.","og_url":"https:\/\/nsff.no\/magasinet\/om-nsff-magasin\/","og_site_name":"NSFF Magasin | Norsk Selskap for Fotografi","article_modified_time":"2025-11-22T14:16:48+00:00","og_image":[{"width":1032,"height":549,"url":"https:\/\/nsff.no\/magasinet\/wp-content\/uploads\/sites\/2\/2022\/11\/nsff_magasin.png","type":"image\/png"}],"twitter_card":"summary_large_image","twitter_misc":{"Ansl. lesetid":"6 minutter"},"schema":{"@context":"https:\/\/schema.org","@graph":[{"@type":"WebPage","@id":"https:\/\/nsff.no\/magasinet\/om-nsff-magasin\/","url":"https:\/\/nsff.no\/magasinet\/om-nsff-magasin\/","name":"Om NSFF Magasin - NSFF Magasin | Norsk Selskap for Fotografi","isPartOf":{"@id":"https:\/\/nsff.no\/magasinet\/#website"},"primaryImageOfPage":{"@id":"https:\/\/nsff.no\/magasinet\/om-nsff-magasin\/#primaryimage"},"image":{"@id":"https:\/\/nsff.no\/magasinet\/om-nsff-magasin\/#primaryimage"},"thumbnailUrl":"https:\/\/nsff.no\/magasinet\/wp-content\/uploads\/sites\/2\/2022\/11\/nsff_magasin.png","datePublished":"2016-05-29T18:19:50+00:00","dateModified":"2025-11-22T14:16:48+00:00","description":"NSFF Magasin er et digitalt medlemsmagasin for film- og fotoentusiaster tilknyttet Norsk Selskap for Fotografi. Magasinet drives p\u00e5 dugnad av medlemmene.","breadcrumb":{"@id":"https:\/\/nsff.no\/magasinet\/om-nsff-magasin\/#breadcrumb"},"inLanguage":"nb-NO","potentialAction":[{"@type":"ReadAction","target":["https:\/\/nsff.no\/magasinet\/om-nsff-magasin\/"]}]},{"@type":"ImageObject","inLanguage":"nb-NO","@id":"https:\/\/nsff.no\/magasinet\/om-nsff-magasin\/#primaryimage","url":"https:\/\/nsff.no\/magasinet\/wp-content\/uploads\/sites\/2\/2022\/11\/nsff_magasin.png","contentUrl":"https:\/\/nsff.no\/magasinet\/wp-content\/uploads\/sites\/2\/2022\/11\/nsff_magasin.png","width":1032,"height":549,"caption":"NSFF Magasin"},{"@type":"BreadcrumbList","@id":"https:\/\/nsff.no\/magasinet\/om-nsff-magasin\/#breadcrumb","itemListElement":[{"@type":"ListItem","position":1,"name":"Hjem","item":"https:\/\/nsff.no\/magasinet\/"},{"@type":"ListItem","position":2,"name":"Om NSFF Magasin"}]},{"@type":"WebSite","@id":"https:\/\/nsff.no\/magasinet\/#website","url":"https:\/\/nsff.no\/magasinet\/","name":"NSFF Magasin | Norsk Selskap for Fotografi","description":"Medlemsmagasin for film- og fotoentusiaster","publisher":{"@id":"https:\/\/nsff.no\/magasinet\/#organization"},"potentialAction":[{"@type":"SearchAction","target":{"@type":"EntryPoint","urlTemplate":"https:\/\/nsff.no\/magasinet\/?s={search_term_string}"},"query-input":{"@type":"PropertyValueSpecification","valueRequired":true,"valueName":"search_term_string"}}],"inLanguage":"nb-NO"},{"@type":"Organization","@id":"https:\/\/nsff.no\/magasinet\/#organization","name":"Norsk Selskap for Fotografo","url":"https:\/\/nsff.no\/magasinet\/","logo":{"@type":"ImageObject","inLanguage":"nb-NO","@id":"https:\/\/nsff.no\/magasinet\/#\/schema\/logo\/image\/","url":"https:\/\/nsff.no\/magasinet\/wp-content\/uploads\/sites\/2\/2016\/05\/NSFF-fb-lenkebilde.png","contentUrl":"https:\/\/nsff.no\/magasinet\/wp-content\/uploads\/sites\/2\/2016\/05\/NSFF-fb-lenkebilde.png","width":1,"height":1,"caption":"Norsk Selskap for Fotografo"},"image":{"@id":"https:\/\/nsff.no\/magasinet\/#\/schema\/logo\/image\/"}}]}},"_links":{"self":[{"href":"https:\/\/nsff.no\/magasinet\/wp-json\/wp\/v2\/pages\/2559","targetHints":{"allow":["GET"]}}],"collection":[{"href":"https:\/\/nsff.no\/magasinet\/wp-json\/wp\/v2\/pages"}],"about":[{"href":"https:\/\/nsff.no\/magasinet\/wp-json\/wp\/v2\/types\/page"}],"author":[{"embeddable":true,"href":"https:\/\/nsff.no\/magasinet\/wp-json\/wp\/v2\/users\/1"}],"replies":[{"embeddable":true,"href":"https:\/\/nsff.no\/magasinet\/wp-json\/wp\/v2\/comments?post=2559"}],"version-history":[{"count":76,"href":"https:\/\/nsff.no\/magasinet\/wp-json\/wp\/v2\/pages\/2559\/revisions"}],"predecessor-version":[{"id":18944,"href":"https:\/\/nsff.no\/magasinet\/wp-json\/wp\/v2\/pages\/2559\/revisions\/18944"}],"wp:featuredmedia":[{"embeddable":true,"href":"https:\/\/nsff.no\/magasinet\/wp-json\/wp\/v2\/media\/10416"}],"wp:attachment":[{"href":"https:\/\/nsff.no\/magasinet\/wp-json\/wp\/v2\/media?parent=2559"}],"curies":[{"name":"wp","href":"https:\/\/api.w.org\/{rel}","templated":true}]}}